{"id":384,"date":"2019-10-16T19:56:22","date_gmt":"2019-10-16T17:56:22","guid":{"rendered":"http:\/\/www.wendewerk.at\/?page_id=384"},"modified":"2026-01-19T21:04:10","modified_gmt":"2026-01-19T20:04:10","slug":"barbara-vogl","status":"publish","type":"page","link":"https:\/\/www.wendewerk.at\/?page_id=384","title":{"rendered":"Barbara Vogl"},"content":{"rendered":"\t\t<div data-elementor-type=\"wp-page\" data-elementor-id=\"384\" class=\"elementor elementor-384\">\n\t\t\t\t\t\t<div class=\"elementor-inner\">\n\t\t\t\t<div class=\"elementor-section-wrap\">\n\t\t\t\t\t\t\t\t\t<section class=\"elementor-section elementor-top-section elementor-element elementor-element-05752d8 elementor-hidden-phone elementor-section-boxed elementor-section-height-default elementor-section-height-default\" data-id=\"05752d8\" data-element_type=\"section\" data-settings=\"{&quot;background_background&quot;:&quot;classic&quot;}\">\n\t\t\t\t\t\t\t<div class=\"elementor-background-overlay\"><\/div>\n\t\t\t\t\t\t\t<div class=\"elementor-container elementor-column-gap-default\">\n\t\t\t\t\t\t\t<div class=\"elementor-row\">\n\t\t\t\t\t<div class=\"elementor-column elementor-col-33 elementor-top-column elementor-element elementor-element-a65a7e0\" data-id=\"a65a7e0\" data-element_type=\"column\">\n\t\t\t<div class=\"elementor-column-wrap\">\n\t\t\t\t\t\t\t<div class=\"elementor-widget-wrap\">\n\t\t\t\t\t\t\t\t<\/div>\n\t\t\t\t\t<\/div>\n\t\t<\/div>\n\t\t\t\t<div class=\"elementor-column elementor-col-33 elementor-top-column elementor-element elementor-element-5be703d\" data-id=\"5be703d\" data-element_type=\"column\">\n\t\t\t<div class=\"elementor-column-wrap elementor-element-populated\">\n\t\t\t\t\t\t\t<div class=\"elementor-widget-wrap\">\n\t\t\t\t\t\t\t\t<\/div>\n\t\t\t\t\t<\/div>\n\t\t<\/div>\n\t\t\t\t<div class=\"elementor-column elementor-col-33 elementor-top-column elementor-element elementor-element-ebceac9\" data-id=\"ebceac9\" data-element_type=\"column\">\n\t\t\t<div class=\"elementor-column-wrap\">\n\t\t\t\t\t\t\t<div class=\"elementor-widget-wrap\">\n\t\t\t\t\t\t\t\t<\/div>\n\t\t\t\t\t<\/div>\n\t\t<\/div>\n\t\t\t\t\t\t\t\t<\/div>\n\t\t\t\t\t<\/div>\n\t\t<\/section>\n\t\t\t\t<section class=\"elementor-section elementor-top-section elementor-element elementor-element-7cee437d elementor-section-boxed elementor-section-height-default elementor-section-height-default\" data-id=\"7cee437d\" data-element_type=\"section\">\n\t\t\t\t\t\t<div class=\"elementor-container elementor-column-gap-no\">\n\t\t\t\t\t\t\t<div class=\"elementor-row\">\n\t\t\t\t\t<div class=\"elementor-column elementor-col-50 elementor-top-column elementor-element elementor-element-49ce6a95\" data-id=\"49ce6a95\" data-element_type=\"column\">\n\t\t\t<div class=\"elementor-column-wrap elementor-element-populated\">\n\t\t\t\t\t\t\t<div class=\"elementor-widget-wrap\">\n\t\t\t\t\t\t<div class=\"elementor-element elementor-element-536c1354 elementor-widget elementor-widget-image\" data-id=\"536c1354\" data-element_type=\"widget\" data-widget_type=\"image.default\">\n\t\t\t\t<div class=\"elementor-widget-container\">\n\t\t\t\t\t\t\t\t<div class=\"elementor-image\">\n\t\t\t\t\t\t\t\t\t\t\t\t<img loading=\"lazy\" decoding=\"async\" width=\"768\" height=\"1024\" src=\"https:\/\/www.wendewerk.at\/wp-content\/uploads\/2025\/06\/me-768x1024.jpg\" class=\"attachment-large size-large wp-image-747\" alt=\"\" srcset=\"https:\/\/www.wendewerk.at\/wp-content\/uploads\/2025\/06\/me-768x1024.jpg 768w, https:\/\/www.wendewerk.at\/wp-content\/uploads\/2025\/06\/me-225x300.jpg 225w, https:\/\/www.wendewerk.at\/wp-content\/uploads\/2025\/06\/me-1152x1536.jpg 1152w, https:\/\/www.wendewerk.at\/wp-content\/uploads\/2025\/06\/me.jpg 1200w\" sizes=\"auto, (max-width: 768px) 100vw, 768px\" \/>\t\t\t\t\t\t\t\t\t\t\t\t\t\t<\/div>\n\t\t\t\t\t\t<\/div>\n\t\t\t\t<\/div>\n\t\t\t\t\t\t<\/div>\n\t\t\t\t\t<\/div>\n\t\t<\/div>\n\t\t\t\t<div class=\"elementor-column elementor-col-50 elementor-top-column elementor-element elementor-element-1017445\" data-id=\"1017445\" data-element_type=\"column\" data-settings=\"{&quot;background_background&quot;:&quot;classic&quot;}\">\n\t\t\t<div class=\"elementor-column-wrap elementor-element-populated\">\n\t\t\t\t\t\t\t<div class=\"elementor-widget-wrap\">\n\t\t\t\t\t\t<div class=\"elementor-element elementor-element-53bfd4e0 elementor-widget elementor-widget-heading\" data-id=\"53bfd4e0\" data-element_type=\"widget\" data-widget_type=\"heading.default\">\n\t\t\t\t<div class=\"elementor-widget-container\">\n\t\t\t<h2 class=\"elementor-heading-title elementor-size-large\">Mag. Barbara Vogl  <\/h2>\t\t<\/div>\n\t\t\t\t<\/div>\n\t\t\t\t<div class=\"elementor-element elementor-element-9b79ec9 elementor-widget elementor-widget-text-editor\" data-id=\"9b79ec9\" data-element_type=\"widget\" data-widget_type=\"text-editor.default\">\n\t\t\t\t<div class=\"elementor-widget-container\">\n\t\t\t\t\t\t\t\t<div class=\"elementor-text-editor elementor-clearfix\">\n\t\t\t\t<p style=\"margin-bottom: 0cm; text-align: left; padding-left: 40px;\">Klinische- und Gesundheitspsychologin<\/p><p style=\"margin-bottom: 0cm; text-align: left; padding-left: 40px;\">Kinder-, Jugend- und Familienpsychologin (B\u00d6P-Zertifizierung)<\/p><p style=\"margin-bottom: 0cm; text-align: left; padding-left: 40px;\">Lese-, Rechtschreib- und Rechentherapeutin (KOL- Onlinetrainerin)<\/p><p style=\"margin-bottom: 0cm; text-align: left; padding-left: 40px;\">\u00a0<\/p>\t\t\t\t\t<\/div>\n\t\t\t\t\t\t<\/div>\n\t\t\t\t<\/div>\n\t\t\t\t<div class=\"elementor-element elementor-element-535af61 elementor-widget elementor-widget-text-editor\" data-id=\"535af61\" data-element_type=\"widget\" data-widget_type=\"text-editor.default\">\n\t\t\t\t<div class=\"elementor-widget-container\">\n\t\t\t\t\t\t\t\t<div class=\"elementor-text-editor elementor-clearfix\">\n\t\t\t\t\t\t\t\t\t<\/div>\n\t\t\t\t\t\t<\/div>\n\t\t\t\t<\/div>\n\t\t\t\t<div class=\"elementor-element elementor-element-433624f elementor-widget elementor-widget-text-editor\" data-id=\"433624f\" data-element_type=\"widget\" data-widget_type=\"text-editor.default\">\n\t\t\t\t<div class=\"elementor-widget-container\">\n\t\t\t\t\t\t\t\t<div class=\"elementor-text-editor elementor-clearfix\">\n\t\t\t\t\t\t\t\t\t<\/div>\n\t\t\t\t\t\t<\/div>\n\t\t\t\t<\/div>\n\t\t\t\t<div class=\"elementor-element elementor-element-d2743d6 elementor-widget elementor-widget-text-editor\" data-id=\"d2743d6\" data-element_type=\"widget\" data-widget_type=\"text-editor.default\">\n\t\t\t\t<div class=\"elementor-widget-container\">\n\t\t\t\t\t\t\t\t<div class=\"elementor-text-editor elementor-clearfix\">\n\t\t\t\t<p style=\"text-align: left;\" data-start=\"405\" data-end=\"645\">Im Rahmen meiner beruflichen T\u00e4tigkeit als Klinische- und Gesundheitspsychologin biete ich umfassende klinisch-psychologische Diagnostik und Behandlung von Kindern und Jugendlichen ab der Grundschule bis zur Beendigung der Schullaufbahn an.<\/p><p style=\"text-align: left;\" data-start=\"647\" data-end=\"1132\">Der diagnostische Schwerpunkt liegt auf standardisierten klinisch-psychologischen Abkl\u00e4rungen in den Bereichen allgemeine kognitive Leistungsf\u00e4higkeit, schulische Lern- und Leistungsst\u00f6rungen (insbesondere Lese-, Rechtschreib- und Rechenst\u00f6rungen), Aufmerksamkeits- und Konzentrationsleistungen sowie damit assoziierten exekutiven Funktionen. Die Diagnostik erfolgt ICD orientiert unter Einsatz normierter Testverfahren sowie strukturierter Anamnesen und Verhaltensbeobachtungen.<\/p><p style=\"text-align: left;\" data-start=\"1134\" data-end=\"1526\">Auf Basis vorliegender klinisch-psychologischer Diagnosen (F-Diagnosen gem\u00e4\u00df ICD) erfolgt eine psychologische Behandlung und Begleitung psychosomatischer und psychischer Begleitsymptomatiken. Dazu z\u00e4hlen unter anderem psychosomatische Beschwerden, schulbezogene \u00c4ngste, Selbstwertproblematiken, emotionale Belastungsreaktionen sowie Vermeidungs- und R\u00fcckzugsstrategien im schulischen Kontext.<\/p><p style=\"text-align: left;\" data-start=\"1528\" data-end=\"1915\">Ziel der Behandlung ist die Stabilisierung der psychischen Gesundheit, die F\u00f6rderung emotionaler und kognitiver Bew\u00e4ltigungsstrategien sowie die Unterst\u00fctzung einer alters- und entwicklungsangemessenen schulischen und psychosozialen Teilhabe. Die Zusammenarbeit mit Eltern, Schule und weiteren beteiligten Fachpersonen erfolgt bei Bedarf im Rahmen der klinisch-psychologischen T\u00e4tigkeit.<\/p><p style=\"text-align: left;\" data-start=\"1528\" data-end=\"1915\">Sie als Eltern m\u00fcssen keine Scheu oder Sorge haben, eine klinisch-psychologische Abkl\u00e4rung in Anspruch zu nehmen. Gerne k\u00f6nnen Sie jederzeit einen Termin f\u00fcr Ihr Kind vereinbaren, um fachliche Klarheit zu gewinnen und auf dieser Basis Schritt f\u00fcr Schritt wieder mehr Orientierung, Sicherheit und Leichtigkeit in den Alltag Ihres Kindes und Ihrer Familie kommen zu lassen.<\/p><p data-start=\"1528\" data-end=\"1915\">Terminvereinbarungen unter +43 699 81 94 77 10<\/p><p data-start=\"1528\" data-end=\"1915\">Ich freu mich auf ein Kennenlernen!<\/p><p style=\"text-align: left;\" data-start=\"1528\" data-end=\"1915\">\u00a0<\/p><p data-start=\"1528\" data-end=\"1915\">\u00a0<\/p><p style=\"text-align: left; padding-left: 40px;\"><span style=\"color: #ffffff;\"><b>Mein Herz schl\u00e4gt <\/b><strong>f\u00fcr Kinder un<\/strong><b>d ihre ganz pers\u00f6nliche Entfaltung<\/b><\/span><\/p><p style=\"text-align: left; padding-left: 40px;\"><span style=\"color: #ffffff;\">Meine Arbeitsschwerpunkte liegen in der klinisch-psychologischen Diagnostik, Beratung und gezielten Lernf\u00f6rderung bei Kindern.<\/span><\/p><p style=\"text-align: left; padding-left: 40px;\">\u00a0<\/p>\t\t\t\t\t<\/div>\n\t\t\t\t\t\t<\/div>\n\t\t\t\t<\/div>\n\t\t\t\t<div class=\"elementor-element elementor-element-01dc95b elementor-widget elementor-widget-text-editor\" data-id=\"01dc95b\" data-element_type=\"widget\" data-widget_type=\"text-editor.default\">\n\t\t\t\t<div class=\"elementor-widget-container\">\n\t\t\t\t\t\t\t\t<div class=\"elementor-text-editor elementor-clearfix\">\n\t\t\t\t\t\t\t\t\t<\/div>\n\t\t\t\t\t\t<\/div>\n\t\t\t\t<\/div>\n\t\t\t\t\t\t<\/div>\n\t\t\t\t\t<\/div>\n\t\t<\/div>\n\t\t\t\t\t\t\t\t<\/div>\n\t\t\t\t\t<\/div>\n\t\t<\/section>\n\t\t\t\t<section class=\"elementor-section elementor-top-section elementor-element elementor-element-ebea153 elementor-section-boxed elementor-section-height-default elementor-section-height-default\" data-id=\"ebea153\" data-element_type=\"section\">\n\t\t\t\t\t\t<div class=\"elementor-container elementor-column-gap-default\">\n\t\t\t\t\t\t\t<div class=\"elementor-row\">\n\t\t\t\t\t<div class=\"elementor-column elementor-col-33 elementor-top-column elementor-element elementor-element-73fcbde\" data-id=\"73fcbde\" data-element_type=\"column\">\n\t\t\t<div class=\"elementor-column-wrap elementor-element-populated\">\n\t\t\t\t\t\t\t<div class=\"elementor-widget-wrap\">\n\t\t\t\t\t\t<div class=\"elementor-element elementor-element-aba82a0 elementor-widget elementor-widget-image\" data-id=\"aba82a0\" data-element_type=\"widget\" data-widget_type=\"image.default\">\n\t\t\t\t<div class=\"elementor-widget-container\">\n\t\t\t\t\t\t\t\t<div class=\"elementor-image\">\n\t\t\t\t\t\t\t\t\t\t\t\t<img loading=\"lazy\" decoding=\"async\" width=\"1024\" height=\"683\" src=\"https:\/\/www.wendewerk.at\/wp-content\/uploads\/2019\/12\/ben-mullins-oXV3bzR7jxI-unsplash-1024x683.jpg\" class=\"attachment-large size-large wp-image-571\" alt=\"\" srcset=\"https:\/\/www.wendewerk.at\/wp-content\/uploads\/2019\/12\/ben-mullins-oXV3bzR7jxI-unsplash-1024x683.jpg 1024w, https:\/\/www.wendewerk.at\/wp-content\/uploads\/2019\/12\/ben-mullins-oXV3bzR7jxI-unsplash-300x200.jpg 300w, https:\/\/www.wendewerk.at\/wp-content\/uploads\/2019\/12\/ben-mullins-oXV3bzR7jxI-unsplash-768x512.jpg 768w\" sizes=\"auto, (max-width: 1024px) 100vw, 1024px\" \/>\t\t\t\t\t\t\t\t\t\t\t\t\t\t<\/div>\n\t\t\t\t\t\t<\/div>\n\t\t\t\t<\/div>\n\t\t\t\t<div class=\"elementor-element elementor-element-f87cccf elementor-widget elementor-widget-text-editor\" data-id=\"f87cccf\" data-element_type=\"widget\" data-widget_type=\"text-editor.default\">\n\t\t\t\t<div class=\"elementor-widget-container\">\n\t\t\t\t\t\t\t\t<div class=\"elementor-text-editor elementor-clearfix\">\n\t\t\t\t<h5>Diagnostik<\/h5>\t\t\t\t\t<\/div>\n\t\t\t\t\t\t<\/div>\n\t\t\t\t<\/div>\n\t\t\t\t\t\t<\/div>\n\t\t\t\t\t<\/div>\n\t\t<\/div>\n\t\t\t\t<div class=\"elementor-column elementor-col-33 elementor-top-column elementor-element elementor-element-ba50193\" data-id=\"ba50193\" data-element_type=\"column\">\n\t\t\t<div class=\"elementor-column-wrap elementor-element-populated\">\n\t\t\t\t\t\t\t<div class=\"elementor-widget-wrap\">\n\t\t\t\t\t\t<div class=\"elementor-element elementor-element-a032cd7 elementor-widget elementor-widget-image\" data-id=\"a032cd7\" data-element_type=\"widget\" data-widget_type=\"image.default\">\n\t\t\t\t<div class=\"elementor-widget-container\">\n\t\t\t\t\t\t\t\t<div class=\"elementor-image\">\n\t\t\t\t\t\t\t\t\t\t\t\t<img loading=\"lazy\" decoding=\"async\" width=\"1024\" height=\"683\" src=\"https:\/\/www.wendewerk.at\/wp-content\/uploads\/2019\/12\/Barbara-Vogl-11_19-Auswahl-2-1024x683.jpg\" class=\"attachment-large size-large wp-image-565\" alt=\"\" srcset=\"https:\/\/www.wendewerk.at\/wp-content\/uploads\/2019\/12\/Barbara-Vogl-11_19-Auswahl-2-1024x683.jpg 1024w, https:\/\/www.wendewerk.at\/wp-content\/uploads\/2019\/12\/Barbara-Vogl-11_19-Auswahl-2-300x200.jpg 300w, https:\/\/www.wendewerk.at\/wp-content\/uploads\/2019\/12\/Barbara-Vogl-11_19-Auswahl-2-768x512.jpg 768w\" sizes=\"auto, (max-width: 1024px) 100vw, 1024px\" \/>\t\t\t\t\t\t\t\t\t\t\t\t\t\t<\/div>\n\t\t\t\t\t\t<\/div>\n\t\t\t\t<\/div>\n\t\t\t\t<div class=\"elementor-element elementor-element-6c6862b elementor-widget elementor-widget-text-editor\" data-id=\"6c6862b\" data-element_type=\"widget\" data-widget_type=\"text-editor.default\">\n\t\t\t\t<div class=\"elementor-widget-container\">\n\t\t\t\t\t\t\t\t<div class=\"elementor-text-editor elementor-clearfix\">\n\t\t\t\t<h5>Lerntherapie<\/h5>\t\t\t\t\t<\/div>\n\t\t\t\t\t\t<\/div>\n\t\t\t\t<\/div>\n\t\t\t\t\t\t<\/div>\n\t\t\t\t\t<\/div>\n\t\t<\/div>\n\t\t\t\t<div class=\"elementor-column elementor-col-33 elementor-top-column elementor-element elementor-element-3e759a0\" data-id=\"3e759a0\" data-element_type=\"column\">\n\t\t\t<div class=\"elementor-column-wrap elementor-element-populated\">\n\t\t\t\t\t\t\t<div class=\"elementor-widget-wrap\">\n\t\t\t\t\t\t<div class=\"elementor-element elementor-element-2291b33 elementor-widget elementor-widget-spacer\" data-id=\"2291b33\" data-element_type=\"widget\" data-widget_type=\"spacer.default\">\n\t\t\t\t<div class=\"elementor-widget-container\">\n\t\t\t\t\t<div class=\"elementor-spacer\">\n\t\t\t<div class=\"elementor-spacer-inner\"><\/div>\n\t\t<\/div>\n\t\t\t\t<\/div>\n\t\t\t\t<\/div>\n\t\t\t\t<div class=\"elementor-element elementor-element-f134c93 elementor-widget elementor-widget-image\" data-id=\"f134c93\" data-element_type=\"widget\" data-widget_type=\"image.default\">\n\t\t\t\t<div class=\"elementor-widget-container\">\n\t\t\t\t\t\t\t\t<div class=\"elementor-image\">\n\t\t\t\t\t\t\t\t\t<figure class=\"wp-caption\">\n\t\t\t\t\t\t\t\t\t\t<img loading=\"lazy\" decoding=\"async\" width=\"300\" height=\"212\" src=\"https:\/\/www.wendewerk.at\/wp-content\/uploads\/2026\/01\/KOL_LOGO_Slogan1-300x212.jpg\" class=\"attachment-medium size-medium wp-image-811\" alt=\"\" srcset=\"https:\/\/www.wendewerk.at\/wp-content\/uploads\/2026\/01\/KOL_LOGO_Slogan1-300x212.jpg 300w, https:\/\/www.wendewerk.at\/wp-content\/uploads\/2026\/01\/KOL_LOGO_Slogan1-768x543.jpg 768w, https:\/\/www.wendewerk.at\/wp-content\/uploads\/2026\/01\/KOL_LOGO_Slogan1.jpg 843w\" sizes=\"auto, (max-width: 300px) 100vw, 300px\" \/>\t\t\t\t\t\t\t\t\t\t\t<figcaption class=\"widget-image-caption wp-caption-text\"><\/figcaption>\n\t\t\t\t\t\t\t\t\t\t<\/figure>\n\t\t\t\t\t\t\t\t<\/div>\n\t\t\t\t\t\t<\/div>\n\t\t\t\t<\/div>\n\t\t\t\t<div class=\"elementor-element elementor-element-f99d9b3 elementor-widget elementor-widget-spacer\" data-id=\"f99d9b3\" data-element_type=\"widget\" data-widget_type=\"spacer.default\">\n\t\t\t\t<div class=\"elementor-widget-container\">\n\t\t\t\t\t<div class=\"elementor-spacer\">\n\t\t\t<div class=\"elementor-spacer-inner\"><\/div>\n\t\t<\/div>\n\t\t\t\t<\/div>\n\t\t\t\t<\/div>\n\t\t\t\t<div class=\"elementor-element elementor-element-f1120e8 elementor-widget elementor-widget-text-editor\" data-id=\"f1120e8\" data-element_type=\"widget\" data-widget_type=\"text-editor.default\">\n\t\t\t\t<div class=\"elementor-widget-container\">\n\t\t\t\t\t\t\t\t<div class=\"elementor-text-editor elementor-clearfix\">\n\t\t\t\t<h5>Online Rechtschreibtraining<\/h5>\t\t\t\t\t<\/div>\n\t\t\t\t\t\t<\/div>\n\t\t\t\t<\/div>\n\t\t\t\t\t\t<\/div>\n\t\t\t\t\t<\/div>\n\t\t<\/div>\n\t\t\t\t\t\t\t\t<\/div>\n\t\t\t\t\t<\/div>\n\t\t<\/section>\n\t\t\t\t<section class=\"elementor-section elementor-top-section elementor-element elementor-element-7e58fef elementor-section-boxed elementor-section-height-default elementor-section-height-default\" data-id=\"7e58fef\" data-element_type=\"section\">\n\t\t\t\t\t\t<div class=\"elementor-container elementor-column-gap-default\">\n\t\t\t\t\t\t\t<div class=\"elementor-row\">\n\t\t\t\t\t<div class=\"elementor-column elementor-col-100 elementor-top-column elementor-element elementor-element-49e5891\" data-id=\"49e5891\" data-element_type=\"column\">\n\t\t\t<div class=\"elementor-column-wrap elementor-element-populated\">\n\t\t\t\t\t\t\t<div class=\"elementor-widget-wrap\">\n\t\t\t\t\t\t<div class=\"elementor-element elementor-element-563f1ce elementor-widget-divider--separator-type-pattern elementor-widget-divider--no-spacing elementor-widget-divider--view-line elementor-widget elementor-widget-divider\" data-id=\"563f1ce\" data-element_type=\"widget\" data-widget_type=\"divider.default\">\n\t\t\t\t<div class=\"elementor-widget-container\">\n\t\t\t\t\t<div class=\"elementor-divider\" style=\"--divider-pattern-url: url(&quot;data:image\/svg+xml,%3Csvg xmlns=&#039;http:\/\/www.w3.org\/2000\/svg&#039; preserveAspectRatio=&#039;xMidYMid meet&#039; overflow=&#039;visible&#039; height=&#039;100%&#039; viewBox=&#039;0 0 126 26&#039; fill=&#039;black&#039; stroke=&#039;none&#039;%3E%3Cpath d=&#039;M3,10.2c2.6,0,2.6,2,2.6,3.2S4.4,16.5,3,16.5s-3-1.4-3-3.2S0.4,10.2,3,10.2z M18.8,10.2c1.7,0,3.2,1.4,3.2,3.2s-1.4,3.2-3.2,3.2c-1.7,0-3.2-1.4-3.2-3.2S17,10.2,18.8,10.2z M34.6,10.2c1.5,0,2.6,1.4,2.6,3.2s-0.5,3.2-1.9,3.2c-1.5,0-3.4-1.4-3.4-3.2S33.1,10.2,34.6,10.2z M50.5,10.2c1.7,0,3.2,1.4,3.2,3.2s-1.4,3.2-3.2,3.2c-1.7,0-3.3-0.9-3.3-2.6S48.7,10.2,50.5,10.2z M66.2,10.2c1.5,0,3.4,1.4,3.4,3.2s-1.9,3.2-3.4,3.2c-1.5,0-2.6-0.4-2.6-2.1S64.8,10.2,66.2,10.2z M82.2,10.2c1.7,0.8,2.6,1.4,2.6,3.2s-0.1,3.2-1.6,3.2c-1.5,0-3.7-1.4-3.7-3.2S80.5,9.4,82.2,10.2zM98.6,10.2c1.5,0,2.6,0.4,2.6,2.1s-1.2,4.2-2.6,4.2c-1.5,0-3.7-0.4-3.7-2.1S97.1,10.2,98.6,10.2z M113.4,10.2c1.2,0,2.2,0.9,2.2,3.2s-0.1,3.2-1.3,3.2s-3.1-1.4-3.1-3.2S112.2,10.2,113.4,10.2z&#039;\/%3E%3C\/svg%3E&quot;);\">\n\t\t\t<span class=\"elementor-divider-separator\">\n\t\t\t\t\t\t<\/span>\n\t\t<\/div>\n\t\t\t\t<\/div>\n\t\t\t\t<\/div>\n\t\t\t\t\t\t<\/div>\n\t\t\t\t\t<\/div>\n\t\t<\/div>\n\t\t\t\t\t\t\t\t<\/div>\n\t\t\t\t\t<\/div>\n\t\t<\/section>\n\t\t\t\t<section class=\"elementor-section elementor-top-section elementor-element elementor-element-37f680c elementor-section-boxed elementor-section-height-default elementor-section-height-default\" data-id=\"37f680c\" data-element_type=\"section\">\n\t\t\t\t\t\t<div class=\"elementor-container elementor-column-gap-default\">\n\t\t\t\t\t\t\t<div class=\"elementor-row\">\n\t\t\t\t\t<div class=\"elementor-column elementor-col-100 elementor-top-column elementor-element elementor-element-8548406\" data-id=\"8548406\" data-element_type=\"column\">\n\t\t\t<div class=\"elementor-column-wrap elementor-element-populated\">\n\t\t\t\t\t\t\t<div class=\"elementor-widget-wrap\">\n\t\t\t\t\t\t<div class=\"elementor-element elementor-element-ed9d5ab elementor-widget elementor-widget-text-editor\" data-id=\"ed9d5ab\" data-element_type=\"widget\" data-widget_type=\"text-editor.default\">\n\t\t\t\t<div class=\"elementor-widget-container\">\n\t\t\t\t\t\t\t\t<div class=\"elementor-text-editor elementor-clearfix\">\n\t\t\t\t<h4>Informationen<\/h4>\n<p>F\u00fcr Fragen und Anliegen k\u00f6nnen Sie mich gerne unter meiner Telefonnummer (0699\/81947710) oder per E-Mail (bv@wendewerk.at) erreichen.<\/p>\n<p>Terminvereinbarungen bitte unter 0699\/81947710.<\/p>\n<p><strong>Verschwiegenheit<\/strong><\/p>\n<p>Als Klinische Psychologin und Gesundheitspsychologin unterliege ich der gesetzlichen&nbsp; Schweigepflicht laut Psychologengesetz.<\/p>\n<p><strong>Kosten<\/strong><\/p>\n<p>Eine <span style=\"text-decoration: underline;\">Einzeltherapiesitzung<\/span> dauert 50 Minuten und kostet 112 Euro. Eine&nbsp;<u>Lerntherapieeinheit<\/u> dauert 45 Minuten und kostet 95 Euro. Online- Rechtschreibtrainings werden pro Zoom-Einheit (45min) mit 50\u20ac (Gruppensitzungen) verrechnet. In der Regel wird das Honorar am Ende der Einheit bar bezahlt oder per Bank\u00fcberweisung mittels Honorarnote.<\/p>\n<p><span style=\"font-size: 16px; font-style: normal; font-weight: 400;\">Seit 1. J\u00e4nner 2024 unterst\u00fctzen die Krankenkassen die klinisch-psychologische Beratung und Therapie und Sie bekommen einen Teil der Kosten refundiert.<\/span><\/p>\n<p><strong>Hinweis<\/strong><\/p>\n<p>Terminabsagen sind bis 24 Stunden vor dem vereinbarten Termin m\u00f6glich. Ich bitte um Ihr Verst\u00e4ndnis, dass ich kurzfristige Terminabsagen g\u00e4nzlich in Rechnung stellen muss.<\/p>\n<p>Ich freue mich auf Ihre Kontaktaufnahme!<\/p>\t\t\t\t\t<\/div>\n\t\t\t\t\t\t<\/div>\n\t\t\t\t<\/div>\n\t\t\t\t\t\t<\/div>\n\t\t\t\t\t<\/div>\n\t\t<\/div>\n\t\t\t\t\t\t\t\t<\/div>\n\t\t\t\t\t<\/div>\n\t\t<\/section>\n\t\t\t\t\t\t\t\t\t<\/div>\n\t\t\t<\/div>\n\t\t\t\t\t<\/div>\n\t\t","protected":false},"excerpt":{"rendered":"<p>Mag. Barbara Vogl Klinische- und Gesundheitspsychologin Kinder-, Jugend- und Familienpsychologin (B\u00d6P-Zertifizierung) Lese-, Rechtschreib- und Rechentherapeutin (KOL- Onlinetrainerin) \u00a0 Im Rahmen meiner beruflichen T\u00e4tigkeit als Klinische- und Gesundheitspsychologin biete ich umfassende klinisch-psychologische Diagnostik und Behandlung von Kindern und Jugendlichen ab der Grundschule bis zur Beendigung der Schullaufbahn an. Der diagnostische Schwerpunkt liegt auf standardisierten klinisch-psychologischen Abkl\u00e4rungen &hellip;<\/p>\n<p class=\"read-more\"> <a class=\"\" href=\"https:\/\/www.wendewerk.at\/?page_id=384\"> <span class=\"screen-reader-text\">Barbara Vogl<\/span> Weiterlesen &raquo;<\/a><\/p>\n","protected":false},"author":1,"featured_media":0,"parent":0,"menu_order":0,"comment_status":"closed","ping_status":"closed","template":"","meta":{"_uag_custom_page_level_css":"","site-sidebar-layout":"no-sidebar","site-content-layout":"page-builder","ast-global-header-display":"","ast-main-header-display":"","ast-hfb-above-header-display":"","ast-hfb-below-header-display":"","ast-hfb-mobile-header-display":"","site-post-title":"disabled","ast-breadcrumbs-content":"","ast-featured-img":"disabled","footer-sml-layout":"","theme-transparent-header-meta":"default","adv-header-id-meta":"","stick-header-meta":"","header-above-stick-meta":"","header-main-stick-meta":"","header-below-stick-meta":"","footnotes":""},"class_list":["post-384","page","type-page","status-publish","hentry"],"uagb_featured_image_src":{"full":false,"thumbnail":false,"medium":false,"medium_large":false,"large":false,"1536x1536":false,"2048x2048":false},"uagb_author_info":{"display_name":"Wendewerk","author_link":"https:\/\/www.wendewerk.at\/?author=1"},"uagb_comment_info":0,"uagb_excerpt":"Mag. Barbara Vogl Klinische- und Gesundheitspsychologin Kinder-, Jugend- und Familienpsychologin (B\u00d6P-Zertifizierung) Lese-, Rechtschreib- und Rechentherapeutin (KOL- Onlinetrainerin) \u00a0 Im Rahmen meiner beruflichen T\u00e4tigkeit als Klinische- und Gesundheitspsychologin biete ich umfassende klinisch-psychologische Diagnostik und Behandlung von Kindern und Jugendlichen ab der Grundschule bis zur Beendigung der Schullaufbahn an. Der diagnostische Schwerpunkt liegt auf standardisierten klinisch-psychologischen Abkl\u00e4rungen&hellip;","_links":{"self":[{"href":"https:\/\/www.wendewerk.at\/index.php?rest_route=\/wp\/v2\/pages\/384","targetHints":{"allow":["GET"]}}],"collection":[{"href":"https:\/\/www.wendewerk.at\/index.php?rest_route=\/wp\/v2\/pages"}],"about":[{"href":"https:\/\/www.wendewerk.at\/index.php?rest_route=\/wp\/v2\/types\/page"}],"author":[{"embeddable":true,"href":"https:\/\/www.wendewerk.at\/index.php?rest_route=\/wp\/v2\/users\/1"}],"replies":[{"embeddable":true,"href":"https:\/\/www.wendewerk.at\/index.php?rest_route=%2Fwp%2Fv2%2Fcomments&post=384"}],"version-history":[{"count":118,"href":"https:\/\/www.wendewerk.at\/index.php?rest_route=\/wp\/v2\/pages\/384\/revisions"}],"predecessor-version":[{"id":846,"href":"https:\/\/www.wendewerk.at\/index.php?rest_route=\/wp\/v2\/pages\/384\/revisions\/846"}],"wp:attachment":[{"href":"https:\/\/www.wendewerk.at\/index.php?rest_route=%2Fwp%2Fv2%2Fmedia&parent=384"}],"curies":[{"name":"wp","href":"https:\/\/api.w.org\/{rel}","templated":true}]}}