{"id":288,"date":"2018-11-27T09:17:08","date_gmt":"2018-11-27T09:17:08","guid":{"rendered":"https:\/\/websitedemos.net\/discover-outdoors\/?page_id=5"},"modified":"2020-02-26T20:49:08","modified_gmt":"2020-02-26T19:49:08","slug":"about","status":"publish","type":"page","link":"https:\/\/www.wendewerk.at\/?page_id=288","title":{"rendered":"Team"},"content":{"rendered":"\t\t<div data-elementor-type=\"wp-post\" data-elementor-id=\"288\" class=\"elementor elementor-288\">\n\t\t\t\t\t\t<div class=\"elementor-inner\">\n\t\t\t\t<div class=\"elementor-section-wrap\">\n\t\t\t\t\t\t\t\t\t<section class=\"elementor-section elementor-top-section elementor-element elementor-element-d7d8b56 elementor-section-boxed elementor-section-height-default elementor-section-height-default\" data-id=\"d7d8b56\" data-element_type=\"section\" data-settings=\"{&quot;background_background&quot;:&quot;classic&quot;}\">\n\t\t\t\t\t\t\t<div class=\"elementor-background-overlay\"><\/div>\n\t\t\t\t\t\t\t<div class=\"elementor-container elementor-column-gap-default\">\n\t\t\t\t\t\t\t<div class=\"elementor-row\">\n\t\t\t\t\t<div class=\"elementor-column elementor-col-33 elementor-top-column elementor-element elementor-element-b3d335b\" data-id=\"b3d335b\" data-element_type=\"column\">\n\t\t\t<div class=\"elementor-column-wrap\">\n\t\t\t\t\t\t\t<div class=\"elementor-widget-wrap\">\n\t\t\t\t\t\t\t\t<\/div>\n\t\t\t\t\t<\/div>\n\t\t<\/div>\n\t\t\t\t<div class=\"elementor-column elementor-col-33 elementor-top-column elementor-element elementor-element-fd69444\" data-id=\"fd69444\" data-element_type=\"column\">\n\t\t\t<div class=\"elementor-column-wrap elementor-element-populated\">\n\t\t\t\t\t\t\t<div class=\"elementor-widget-wrap\">\n\t\t\t\t\t\t<div class=\"elementor-element elementor-element-1ff413a elementor-view-default elementor-vertical-align-top elementor-widget elementor-widget-icon-box\" data-id=\"1ff413a\" data-element_type=\"widget\" data-widget_type=\"icon-box.default\">\n\t\t\t\t<div class=\"elementor-widget-container\">\n\t\t\t\t\t<div class=\"elementor-icon-box-wrapper\">\n\t\t\t\t\t\t<div class=\"elementor-icon-box-content\">\n\t\t\t\t<h1 class=\"elementor-icon-box-title\">\n\t\t\t\t\t<span  >\n\t\t\t\t\t\tTeam\t\t\t\t\t<\/span>\n\t\t\t\t<\/h1>\n\t\t\t\t\t\t\t<\/div>\n\t\t<\/div>\n\t\t\t\t<\/div>\n\t\t\t\t<\/div>\n\t\t\t\t\t\t<\/div>\n\t\t\t\t\t<\/div>\n\t\t<\/div>\n\t\t\t\t<div class=\"elementor-column elementor-col-33 elementor-top-column elementor-element elementor-element-674669b\" data-id=\"674669b\" data-element_type=\"column\">\n\t\t\t<div class=\"elementor-column-wrap\">\n\t\t\t\t\t\t\t<div class=\"elementor-widget-wrap\">\n\t\t\t\t\t\t\t\t<\/div>\n\t\t\t\t\t<\/div>\n\t\t<\/div>\n\t\t\t\t\t\t\t\t<\/div>\n\t\t\t\t\t<\/div>\n\t\t<\/section>\n\t\t\t\t<section class=\"elementor-section elementor-top-section elementor-element elementor-element-3597ef76 elementor-section-content-middle elementor-section-boxed elementor-section-height-default elementor-section-height-default\" data-id=\"3597ef76\" data-element_type=\"section\">\n\t\t\t\t\t\t<div class=\"elementor-container elementor-column-gap-no\">\n\t\t\t\t\t\t\t<div class=\"elementor-row\">\n\t\t\t\t\t<div class=\"elementor-column elementor-col-100 elementor-top-column elementor-element elementor-element-708f7bb\" data-id=\"708f7bb\" data-element_type=\"column\">\n\t\t\t<div class=\"elementor-column-wrap elementor-element-populated\">\n\t\t\t\t\t\t\t<div class=\"elementor-widget-wrap\">\n\t\t\t\t\t\t<section class=\"elementor-section elementor-inner-section elementor-element elementor-element-777ef53f elementor-section-content-middle elementor-section-boxed elementor-section-height-default elementor-section-height-default\" data-id=\"777ef53f\" data-element_type=\"section\">\n\t\t\t\t\t\t<div class=\"elementor-container elementor-column-gap-no\">\n\t\t\t\t\t\t\t<div class=\"elementor-row\">\n\t\t\t\t\t<div class=\"elementor-column elementor-col-50 elementor-inner-column elementor-element elementor-element-b9cbb2b\" data-id=\"b9cbb2b\" data-element_type=\"column\" data-settings=\"{&quot;background_background&quot;:&quot;classic&quot;}\">\n\t\t\t<div class=\"elementor-column-wrap elementor-element-populated\">\n\t\t\t\t\t\t\t<div class=\"elementor-widget-wrap\">\n\t\t\t\t\t\t<div class=\"elementor-element elementor-element-8f1408c elementor-position-top elementor-vertical-align-top elementor-widget elementor-widget-image-box\" data-id=\"8f1408c\" data-element_type=\"widget\" data-widget_type=\"image-box.default\">\n\t\t\t\t<div class=\"elementor-widget-container\">\n\t\t\t<div class=\"elementor-image-box-wrapper\"><figure class=\"elementor-image-box-img\"><img loading=\"lazy\" decoding=\"async\" width=\"1379\" height=\"776\" src=\"https:\/\/www.wendewerk.at\/wp-content\/uploads\/2019\/12\/Christina-zugeschnitten-2.jpg\" class=\"attachment-full size-full wp-image-590\" alt=\"\" srcset=\"https:\/\/www.wendewerk.at\/wp-content\/uploads\/2019\/12\/Christina-zugeschnitten-2.jpg 1379w, https:\/\/www.wendewerk.at\/wp-content\/uploads\/2019\/12\/Christina-zugeschnitten-2-300x169.jpg 300w, https:\/\/www.wendewerk.at\/wp-content\/uploads\/2019\/12\/Christina-zugeschnitten-2-768x432.jpg 768w, https:\/\/www.wendewerk.at\/wp-content\/uploads\/2019\/12\/Christina-zugeschnitten-2-1024x576.jpg 1024w\" sizes=\"auto, (max-width: 1379px) 100vw, 1379px\" \/><\/figure><div class=\"elementor-image-box-content\"><h3 class=\"elementor-image-box-title\">Mag. Christina Gruber<\/h3><\/div><\/div>\t\t<\/div>\n\t\t\t\t<\/div>\n\t\t\t\t<div class=\"elementor-element elementor-element-e07e70c elementor-widget elementor-widget-text-editor\" data-id=\"e07e70c\" data-element_type=\"widget\" data-widget_type=\"text-editor.default\">\n\t\t\t\t<div class=\"elementor-widget-container\">\n\t\t\t\t\t\t\t\t<div class=\"elementor-text-editor elementor-clearfix\">\n\t\t\t\t<p>Klinische Psychologin<br \/>Gesundheitspsychologin<br \/>Biofeedback-Therapeutin (B\u00d6P-Diplom)<br \/>Supervisorin f\u00fcr die Biofeedback-Selbsterfahrung<br \/>Lerntherapeutin n.M.<br \/>Elementar- und Hortp\u00e4dagogin<br \/>Referentin in der Erwachsenenbildung<br \/>SVS Kooperationspartnerin<\/p><p>\u00a0<\/p>\t\t\t\t\t<\/div>\n\t\t\t\t\t\t<\/div>\n\t\t\t\t<\/div>\n\t\t\t\t<div class=\"elementor-element elementor-element-5de3ab3 elementor-widget elementor-widget-text-editor\" data-id=\"5de3ab3\" data-element_type=\"widget\" data-widget_type=\"text-editor.default\">\n\t\t\t\t<div class=\"elementor-widget-container\">\n\t\t\t\t\t\t\t\t<div class=\"elementor-text-editor elementor-clearfix\">\n\t\t\t\t<h5>Standort Neukirchen bei Lambach:<\/h5><p>Oberschwaig 15<br \/>4671 Neukirchen bei Lambach<br \/>0664\/104 16 32<br \/>cg@wendewerk.at<\/p>\t\t\t\t\t<\/div>\n\t\t\t\t\t\t<\/div>\n\t\t\t\t<\/div>\n\t\t\t\t<div class=\"elementor-element elementor-element-17c0cd1 elementor-align-center elementor-widget elementor-widget-button\" data-id=\"17c0cd1\" data-element_type=\"widget\" data-widget_type=\"button.default\">\n\t\t\t\t<div class=\"elementor-widget-container\">\n\t\t\t\t\t<div class=\"elementor-button-wrapper\">\n\t\t\t<a href=\"http:\/\/www.wendewerk.at\/?page_id=386\" class=\"elementor-button-link elementor-button elementor-size-sm\" role=\"button\">\n\t\t\t\t\t\t<span class=\"elementor-button-content-wrapper\">\n\t\t\t\t\t\t<span class=\"elementor-button-text\">Mehr erfahren...<\/span>\n\t\t<\/span>\n\t\t\t\t\t<\/a>\n\t\t<\/div>\n\t\t\t\t<\/div>\n\t\t\t\t<\/div>\n\t\t\t\t\t\t<\/div>\n\t\t\t\t\t<\/div>\n\t\t<\/div>\n\t\t\t\t<div class=\"elementor-column elementor-col-50 elementor-inner-column elementor-element elementor-element-1240f61b\" data-id=\"1240f61b\" data-element_type=\"column\" data-settings=\"{&quot;background_background&quot;:&quot;classic&quot;}\">\n\t\t\t<div class=\"elementor-column-wrap elementor-element-populated\">\n\t\t\t\t\t\t\t<div class=\"elementor-widget-wrap\">\n\t\t\t\t\t\t<div class=\"elementor-element elementor-element-484a1e5b elementor-position-top elementor-vertical-align-top elementor-widget elementor-widget-image-box\" data-id=\"484a1e5b\" data-element_type=\"widget\" data-widget_type=\"image-box.default\">\n\t\t\t\t<div class=\"elementor-widget-container\">\n\t\t\t<div class=\"elementor-image-box-wrapper\"><figure class=\"elementor-image-box-img\"><img loading=\"lazy\" decoding=\"async\" width=\"1024\" height=\"576\" src=\"https:\/\/www.wendewerk.at\/wp-content\/uploads\/2019\/12\/Barbara-zugeschnitten-1024x576.jpg\" class=\"attachment-large size-large wp-image-589\" alt=\"\" srcset=\"https:\/\/www.wendewerk.at\/wp-content\/uploads\/2019\/12\/Barbara-zugeschnitten-1024x576.jpg 1024w, https:\/\/www.wendewerk.at\/wp-content\/uploads\/2019\/12\/Barbara-zugeschnitten-300x169.jpg 300w, https:\/\/www.wendewerk.at\/wp-content\/uploads\/2019\/12\/Barbara-zugeschnitten-768x432.jpg 768w\" sizes=\"auto, (max-width: 1024px) 100vw, 1024px\" \/><\/figure><div class=\"elementor-image-box-content\"><h3 class=\"elementor-image-box-title\">Mag. Barbara Vogl<\/h3><\/div><\/div>\t\t<\/div>\n\t\t\t\t<\/div>\n\t\t\t\t<div class=\"elementor-element elementor-element-5165c18 elementor-widget elementor-widget-text-editor\" data-id=\"5165c18\" data-element_type=\"widget\" data-widget_type=\"text-editor.default\">\n\t\t\t\t<div class=\"elementor-widget-container\">\n\t\t\t\t\t\t\t\t<div class=\"elementor-text-editor elementor-clearfix\">\n\t\t\t\t<p>Klinische Psychologin<br \/>Gesundheitspsychologin<br \/>Kinder-, Jugend- und Familienpsychologin (B\u00d6P-zertifiziert)<br \/>Lerntherapeutin n.M.<br \/>Emotionscode-Praktikerin<\/p>\t\t\t\t\t<\/div>\n\t\t\t\t\t\t<\/div>\n\t\t\t\t<\/div>\n\t\t\t\t<div class=\"elementor-element elementor-element-afc6339 elementor-widget elementor-widget-text-editor\" data-id=\"afc6339\" data-element_type=\"widget\" data-widget_type=\"text-editor.default\">\n\t\t\t\t<div class=\"elementor-widget-container\">\n\t\t\t\t\t\t\t\t<div class=\"elementor-text-editor elementor-clearfix\">\n\t\t\t\t<h5><br \/><br \/><br \/><\/h5><h5>Standort Altm\u00fcnster:<\/h5><p>Teichweg 10<br \/>4813 Altm\u00fcnster<br \/>0699\/81 94 77 10<br \/>bv@wendewerk.at<\/p>\t\t\t\t\t<\/div>\n\t\t\t\t\t\t<\/div>\n\t\t\t\t<\/div>\n\t\t\t\t<div class=\"elementor-element elementor-element-d18580a elementor-align-center elementor-widget elementor-widget-button\" data-id=\"d18580a\" data-element_type=\"widget\" data-widget_type=\"button.default\">\n\t\t\t\t<div class=\"elementor-widget-container\">\n\t\t\t\t\t<div class=\"elementor-button-wrapper\">\n\t\t\t<a href=\"http:\/\/www.wendewerk.at\/?page_id=384\" class=\"elementor-button-link elementor-button elementor-size-sm\" role=\"button\">\n\t\t\t\t\t\t<span class=\"elementor-button-content-wrapper\">\n\t\t\t\t\t\t<span class=\"elementor-button-text\">Mehr erfahren...<\/span>\n\t\t<\/span>\n\t\t\t\t\t<\/a>\n\t\t<\/div>\n\t\t\t\t<\/div>\n\t\t\t\t<\/div>\n\t\t\t\t\t\t<\/div>\n\t\t\t\t\t<\/div>\n\t\t<\/div>\n\t\t\t\t\t\t\t\t<\/div>\n\t\t\t\t\t<\/div>\n\t\t<\/section>\n\t\t\t\t\t\t<\/div>\n\t\t\t\t\t<\/div>\n\t\t<\/div>\n\t\t\t\t\t\t\t\t<\/div>\n\t\t\t\t\t<\/div>\n\t\t<\/section>\n\t\t\t\t\t\t\t\t\t<\/div>\n\t\t\t<\/div>\n\t\t\t\t\t<\/div>\n\t\t","protected":false},"excerpt":{"rendered":"<p>Team Mag. Christina Gruber Klinische PsychologinGesundheitspsychologinBiofeedback-Therapeutin (B\u00d6P-Diplom)Supervisorin f\u00fcr die Biofeedback-SelbsterfahrungLerntherapeutin n.M.Elementar- und Hortp\u00e4dagoginReferentin in der ErwachsenenbildungSVS Kooperationspartnerin \u00a0 Standort Neukirchen bei Lambach: Oberschwaig 154671 Neukirchen bei Lambach0664\/104 16 32cg@wendewerk.at Mehr erfahren&#8230; Mag. Barbara Vogl Klinische PsychologinGesundheitspsychologinKinder-, Jugend- und Familienpsychologin (B\u00d6P-zertifiziert)Lerntherapeutin n.M.Emotionscode-Praktikerin Standort Altm\u00fcnster: Teichweg 104813 Altm\u00fcnster0699\/81 94 77 10bv@wendewerk.at Mehr erfahren&#8230;<\/p>\n","protected":false},"author":1,"featured_media":0,"parent":0,"menu_order":0,"comment_status":"closed","ping_status":"closed","template":"","meta":{"_uag_custom_page_level_css":"","site-sidebar-layout":"no-sidebar","site-content-layout":"page-builder","ast-global-header-display":"","ast-main-header-display":"","ast-hfb-above-header-display":"","ast-hfb-below-header-display":"","ast-hfb-mobile-header-display":"","site-post-title":"disabled","ast-breadcrumbs-content":"","ast-featured-img":"disabled","footer-sml-layout":"","theme-transparent-header-meta":"enabled","adv-header-id-meta":"","stick-header-meta":"","header-above-stick-meta":"","header-main-stick-meta":"","header-below-stick-meta":"","footnotes":""},"class_list":["post-288","page","type-page","status-publish","hentry"],"uagb_featured_image_src":{"full":false,"thumbnail":false,"medium":false,"medium_large":false,"large":false,"1536x1536":false,"2048x2048":false},"uagb_author_info":{"display_name":"Wendewerk","author_link":"https:\/\/www.wendewerk.at\/?author=1"},"uagb_comment_info":0,"uagb_excerpt":"Team Mag. Christina Gruber Klinische PsychologinGesundheitspsychologinBiofeedback-Therapeutin (B\u00d6P-Diplom)Supervisorin f\u00fcr die Biofeedback-SelbsterfahrungLerntherapeutin n.M.Elementar- und Hortp\u00e4dagoginReferentin in der ErwachsenenbildungSVS Kooperationspartnerin \u00a0 Standort Neukirchen bei Lambach: Oberschwaig 154671 Neukirchen bei Lambach0664\/104 16 32cg@wendewerk.at Mehr erfahren&#8230; Mag. Barbara Vogl Klinische PsychologinGesundheitspsychologinKinder-, Jugend- und Familienpsychologin (B\u00d6P-zertifiziert)Lerntherapeutin n.M.Emotionscode-Praktikerin Standort Altm\u00fcnster: Teichweg 104813 Altm\u00fcnster0699\/81 94 77 10bv@wendewerk.at Mehr erfahren&#8230;","_links":{"self":[{"href":"https:\/\/www.wendewerk.at\/index.php?rest_route=\/wp\/v2\/pages\/288","targetHints":{"allow":["GET"]}}],"collection":[{"href":"https:\/\/www.wendewerk.at\/index.php?rest_route=\/wp\/v2\/pages"}],"about":[{"href":"https:\/\/www.wendewerk.at\/index.php?rest_route=\/wp\/v2\/types\/page"}],"author":[{"embeddable":true,"href":"https:\/\/www.wendewerk.at\/index.php?rest_route=\/wp\/v2\/users\/1"}],"replies":[{"embeddable":true,"href":"https:\/\/www.wendewerk.at\/index.php?rest_route=%2Fwp%2Fv2%2Fcomments&post=288"}],"version-history":[{"count":19,"href":"https:\/\/www.wendewerk.at\/index.php?rest_route=\/wp\/v2\/pages\/288\/revisions"}],"predecessor-version":[{"id":682,"href":"https:\/\/www.wendewerk.at\/index.php?rest_route=\/wp\/v2\/pages\/288\/revisions\/682"}],"wp:attachment":[{"href":"https:\/\/www.wendewerk.at\/index.php?rest_route=%2Fwp%2Fv2%2Fmedia&parent=288"}],"curies":[{"name":"wp","href":"https:\/\/api.w.org\/{rel}","templated":true}]}}